{"id":687,"date":"2018-10-28T16:43:03","date_gmt":"2018-10-28T15:43:03","guid":{"rendered":"http:\/\/www.kitagatower.de\/?page_id=687"},"modified":"2020-08-31T07:35:15","modified_gmt":"2020-08-31T06:35:15","slug":"aufnahmeantrag-foerderverein","status":"publish","type":"page","link":"http:\/\/www.kitagatower.de\/?page_id=687","title":{"rendered":"Aufnahmeantrag F\u00f6rderverein"},"content":{"rendered":"<p><span style=\"color: #993366; font-size: large;\"><strong>Werden Sie Mitglied<\/strong><\/span><\/p>\n<p>Beitrag 12,- \u20ac pro Kitajahr\/pro Familie<br \/>\nMitgliedschaft endet automatisch bei Verlassen des Kindes aus der Kita, au\u00dfer es wird ausdr\u00fccklich eine weitergehende freiwillige F\u00f6rderung gew\u00fcnscht, dann endet die Mitgliedschaft zu einem vom Mitglied bestimmten Zeitpunkt<\/p>\n<p>Aufnahmeantrag<\/p>\n<div role=\"form\" class=\"wpcf7\" id=\"wpcf7-f453-o1\" lang=\"de-DE\" dir=\"ltr\">\n<div class=\"screen-reader-response\"><\/div>\n<form action=\"\/index.php?rest_route=%2Fwp%2Fv2%2Fpages%2F687#wpcf7-f453-o1\" method=\"post\" class=\"wpcf7-form\" novalidate=\"novalidate\">\n<div style=\"display: none;\">\n<input type=\"hidden\" name=\"_wpcf7\" value=\"453\" \/>\n<input type=\"hidden\" name=\"_wpcf7_version\" value=\"5.1.4\" \/>\n<input type=\"hidden\" name=\"_wpcf7_locale\" value=\"de_DE\" \/>\n<input type=\"hidden\" name=\"_wpcf7_unit_tag\" value=\"wpcf7-f453-o1\" \/>\n<input type=\"hidden\" name=\"_wpcf7_container_post\" value=\"0\" \/>\n<\/div>\n<p>Hiermit beantrage ich die Aufnahme in den F\u00f6rderverein der Kita Biberburg e.V.<\/p>\n<table>\n<tr>\n<td>Familienname:<\/td>\n<td><span class=\"wpcf7-form-control-wrap FName\"><input type=\"text\" name=\"FName\" value=\"\" size=\"40\" class=\"wpcf7-form-control wpcf7-text wpcf7-validates-as-required\" aria-required=\"true\" aria-invalid=\"false\" \/><\/span> *<\/td>\n<\/tr>\n<tr>\n<td>Vorname:<\/td>\n<td><span class=\"wpcf7-form-control-wrap VName\"><input type=\"text\" name=\"VName\" value=\"\" size=\"40\" class=\"wpcf7-form-control wpcf7-text wpcf7-validates-as-required\" aria-required=\"true\" aria-invalid=\"false\" \/><\/span> *<\/td>\n<\/tr>\n<tr>\n<td>Vorname des Kindes:<\/td>\n<td><span class=\"wpcf7-form-control-wrap VKName\"><input type=\"text\" name=\"VKName\" value=\"\" size=\"40\" class=\"wpcf7-form-control wpcf7-text\" aria-invalid=\"false\" \/><\/span><\/td>\n<\/tr>\n<tr>\n<td>Stra\u00dfe \/ Hausnr.:<\/td>\n<td><span class=\"wpcf7-form-control-wrap Strasse\"><input type=\"text\" name=\"Strasse\" value=\"\" size=\"40\" class=\"wpcf7-form-control wpcf7-text wpcf7-validates-as-required\" aria-required=\"true\" aria-invalid=\"false\" \/><\/span> *<\/td>\n<\/tr>\n<tr>\n<td>PLZ \/ Ort:<\/td>\n<td><span class=\"wpcf7-form-control-wrap PLZ\"><input type=\"text\" name=\"PLZ\" value=\"\" size=\"5\" maxlength=\"5\" class=\"wpcf7-form-control wpcf7-text wpcf7-validates-as-required\" aria-required=\"true\" aria-invalid=\"false\" \/><\/span> <span class=\"wpcf7-form-control-wrap Ort\"><input type=\"text\" name=\"Ort\" value=\"\" size=\"40\" class=\"wpcf7-form-control wpcf7-text wpcf7-validates-as-required\" aria-required=\"true\" aria-invalid=\"false\" \/><\/span> *<\/td>\n<\/tr>\n<tr>\n<td>@mail:<\/td>\n<td><span class=\"wpcf7-form-control-wrap mail\"><input type=\"email\" name=\"mail\" value=\"\" size=\"40\" class=\"wpcf7-form-control wpcf7-text wpcf7-email wpcf7-validates-as-required wpcf7-validates-as-email\" aria-required=\"true\" aria-invalid=\"false\" \/><\/span> *<\/td>\n<\/tr>\n<tr>\n<td>\nBitte geben Sie den folgenden Code in das Eingabefeld ein:<\/td>\n<td>\n<input type=\"hidden\" name=\"_wpcf7_captcha_challenge_captcha\" value=\"1624642813\" \/><img loading=\"lazy\" decoding=\"async\" class=\"wpcf7-form-control wpcf7-captchac wpcf7-captcha-captcha\" width=\"72\" height=\"24\" alt=\"captcha\" src=\"http:\/\/www.kitagatower.de\/wp-content\/uploads\/wpcf7_captcha\/1624642813.png\" \/> <span class=\"wpcf7-form-control-wrap captcha\"><input type=\"text\" name=\"captcha\" value=\"\" size=\"40\" class=\"wpcf7-form-control wpcf7-captchar\" autocomplete=\"off\" aria-invalid=\"false\" \/><\/span> *\n<\/td>\n<\/tr>\n<\/table>\n<p><span class=\"wpcf7-form-control-wrap Satzung\"><span class=\"wpcf7-form-control wpcf7-acceptance\"><span class=\"wpcf7-list-item\"><input type=\"checkbox\" name=\"Satzung\" value=\"1\" aria-invalid=\"false\" \/><\/span><\/span><\/span> <b>Mit der <a href=\"http:\/\/www.kitagatower.de\/?page_id=455\" target=\"_blank\">Satzung<\/a> des Vereins erkl\u00e4re ich mich einverstanden.<\/b><\/p>\n<p><input type=\"submit\" value=\"Senden\" class=\"wpcf7-form-control wpcf7-submit\" \/><\/p>\n<p><small>die mit * gekennzeichneten Felder sind Pflichtfelder<\/small><\/p>\n<div class=\"wpcf7-response-output wpcf7-display-none\"><\/div><\/form><\/div>\n<p>&nbsp;<\/p>\n<p>Bitte \u00fcberweisen Sie den Mitgliedsbeitrag auf unser Konto:<\/p>\n<p>Bankverbindung:<\/p>\n<p>Empf\u00e4nger: F\u00f6rderverein Kita Biberburg Spandau e.V.<\/p>\n<p>Deutsche Bank<\/p>\n<p>IBAN: DE89 1007 0000 0092 0108 00<\/p>\n<p>Verwendungszweck Names des Mitglieds\u00a0+ Beitragsjahr<\/p>\n<p>Vielen Dank an alle Mitglieder und Spender f\u00fcr ihre bisherige<br \/>\nUnterst\u00fctzung!<\/p>\n","protected":false},"excerpt":{"rendered":"<p>Werden Sie Mitglied Beitrag 12,- \u20ac pro Kitajahr\/pro Familie Mitgliedschaft endet automatisch bei Verlassen des Kindes aus der Kita, au\u00dfer es wird ausdr\u00fccklich eine weitergehende freiwillige F\u00f6rderung gew\u00fcnscht, dann endet die Mitgliedschaft zu einem vom Mitglied bestimmten Zeitpunkt Aufnahmeantrag &nbsp; Bitte \u00fcberweisen Sie den Mitgliedsbeitrag auf unser Konto: Bankverbindung: Empf\u00e4nger: F\u00f6rderverein Kita Biberburg Spandau e.V. <a href='http:\/\/www.kitagatower.de\/?page_id=687' class='excerpt-more'>[&#8230;]<\/a><\/p>\n","protected":false},"author":7,"featured_media":0,"parent":248,"menu_order":0,"comment_status":"closed","ping_status":"closed","template":"","meta":{"footnotes":""},"class_list":["post-687","page","type-page","status-publish","hentry","post-seq-1","post-parity-odd","meta-position-corners","fix"],"jetpack_shortlink":"https:\/\/wp.me\/P4ES8j-b5","jetpack_sharing_enabled":true,"_links":{"self":[{"href":"http:\/\/www.kitagatower.de\/index.php?rest_route=\/wp\/v2\/pages\/687","targetHints":{"allow":["GET"]}}],"collection":[{"href":"http:\/\/www.kitagatower.de\/index.php?rest_route=\/wp\/v2\/pages"}],"about":[{"href":"http:\/\/www.kitagatower.de\/index.php?rest_route=\/wp\/v2\/types\/page"}],"author":[{"embeddable":true,"href":"http:\/\/www.kitagatower.de\/index.php?rest_route=\/wp\/v2\/users\/7"}],"replies":[{"embeddable":true,"href":"http:\/\/www.kitagatower.de\/index.php?rest_route=%2Fwp%2Fv2%2Fcomments&post=687"}],"version-history":[{"count":2,"href":"http:\/\/www.kitagatower.de\/index.php?rest_route=\/wp\/v2\/pages\/687\/revisions"}],"predecessor-version":[{"id":798,"href":"http:\/\/www.kitagatower.de\/index.php?rest_route=\/wp\/v2\/pages\/687\/revisions\/798"}],"up":[{"embeddable":true,"href":"http:\/\/www.kitagatower.de\/index.php?rest_route=\/wp\/v2\/pages\/248"}],"wp:attachment":[{"href":"http:\/\/www.kitagatower.de\/index.php?rest_route=%2Fwp%2Fv2%2Fmedia&parent=687"}],"curies":[{"name":"wp","href":"https:\/\/api.w.org\/{rel}","templated":true}]}}