{"id":6,"date":"2013-08-28T16:35:12","date_gmt":"2013-08-28T14:35:12","guid":{"rendered":"http:\/\/biberburg.mariogiessler.de\/?page_id=6"},"modified":"2024-10-09T11:18:12","modified_gmt":"2024-10-09T10:18:12","slug":"startseite","status":"publish","type":"page","link":"http:\/\/www.kitagatower.de\/","title":{"rendered":"Startseite"},"content":{"rendered":"<h1 style=\"text-align: center;\"><strong><span style=\"color: #630c0c;\">\u00a0Willkommen auf der Homepage des F\u00f6rdervereins der Kita Biberburg!<\/span><\/strong><\/h1>\n<p>&nbsp;<\/p>\n<h3 style=\"text-align: center;\"><span style=\"color: #ff6600;\">F\u00f6rderverein und Kita &#8211; Hand in Hand f\u00fcr unsere Kinder<a href=\"https:\/\/www.schulengel.de\/einrichtungen\/details\/1148-foerderverein-kita-biberburg-berlin-spandau-ev?utm_source=einrichtungsseite&amp;utm_medium=spendenbanner&amp;utm_campaign=spendenbanner122x240\" target=\"_blank\" rel=\"noopener\"><img decoding=\"async\" class=\"alignright\" src=\"https:\/\/www.schulengel.de\/widgets\/spendenbanner122x240-1148.png\" border=\"0\" \/><\/a><br \/>\n<\/span><\/h3>\n<p>&nbsp;<\/p>\n<p><img loading=\"lazy\" decoding=\"async\" class=\"aligncenter wp-image-61 size-full\" src=\"http:\/\/www.kitagatower.de\/wp-content\/uploads\/2013\/08\/IMG_8301-e1380885630145.jpg\" alt=\"IMG_8301\" width=\"800\" height=\"563\" \/><\/p>\n<h3 style=\"text-align: center;\"><strong>\u00d6ffnungszeiten: 06:00 bis 18:00 Uhr<\/strong><\/h3>\n<p style=\"text-align: center;\">Achtung: Mind. bis zum 31.10.2024 verk\u00fcrzte \u00d6ffnungszeiten von 7.00 -16.30 Uhr<\/p>\n<h3>F\u00f6rderverein<\/h3>\n<p>Vorstand: Christoph Chmielorz \/ Heike Pyoch<\/p>\n<p><strong>F\u00f6rderverein Kita Biberburg <\/strong><strong>Berlin-Spandau e.V.<\/strong><br \/>\n<strong>c\/o Kita Biberburg<\/strong><br \/>\n<strong>Gatower Str. 231-233<\/strong><br \/>\n<strong>14089 Berlin<\/strong><\/p>\n<p>email: foerderverein.biberburg@gmail.com<\/p>\n<p><a href=\"http:\/\/www.kitagatower.de\/?page_id=687\">Hier<\/a> geht es zum Aufnahmeantrag f\u00fcr den F\u00f6rderverein<\/p>\n<p>&nbsp;<\/p>\n<h3 style=\"text-align: right;\">Kita<\/h3>\n<p style=\"text-align: right;\">Leitung: Fr. Zarbock \/ Fr. Gie\u00dfler<\/p>\n<p style=\"text-align: right;\"><strong>Kita Biberburg <\/strong><br \/>\n<strong>Gatower Str. 231\/233<\/strong><br \/>\n<strong>14089 Berlin<\/strong><\/p>\n<p style=\"text-align: right;\">email: GatowerStr@kita-nordwest.de<\/p>\n<p style=\"text-align: right;\">Tel: 030\/301 24 933<\/p>\n<p style=\"text-align: right;\">Anfragen f\u00fcr Kita-Pl\u00e4tze bitte per e-mail an die Kita oder telefonisch<\/p>\n<div>\n<p>&nbsp;<\/p>\n<\/div>\n<p align=\"center\">\n","protected":false},"excerpt":{"rendered":"<p>\u00a0Willkommen auf der Homepage des F\u00f6rdervereins der Kita Biberburg! &nbsp; F\u00f6rderverein und Kita &#8211; Hand in Hand f\u00fcr unsere Kinder &nbsp; \u00d6ffnungszeiten: 06:00 bis 18:00 Uhr Achtung: Mind. bis zum 31.10.2024 verk\u00fcrzte \u00d6ffnungszeiten von 7.00 -16.30 Uhr F\u00f6rderverein Vorstand: Christoph Chmielorz \/ Heike Pyoch F\u00f6rderverein Kita Biberburg Berlin-Spandau e.V. c\/o Kita Biberburg Gatower Str. 231-233 <a href='http:\/\/www.kitagatower.de\/' class='excerpt-more'>[&#8230;]<\/a><\/p>\n","protected":false},"author":3,"featured_media":0,"parent":0,"menu_order":0,"comment_status":"closed","ping_status":"closed","template":"","meta":{"footnotes":""},"class_list":["post-6","page","type-page","status-publish","hentry","post-seq-1","post-parity-odd","meta-position-corners","fix"],"jetpack_shortlink":"https:\/\/wp.me\/P4ES8j-6","jetpack_sharing_enabled":true,"_links":{"self":[{"href":"http:\/\/www.kitagatower.de\/index.php?rest_route=\/wp\/v2\/pages\/6","targetHints":{"allow":["GET"]}}],"collection":[{"href":"http:\/\/www.kitagatower.de\/index.php?rest_route=\/wp\/v2\/pages"}],"about":[{"href":"http:\/\/www.kitagatower.de\/index.php?rest_route=\/wp\/v2\/types\/page"}],"author":[{"embeddable":true,"href":"http:\/\/www.kitagatower.de\/index.php?rest_route=\/wp\/v2\/users\/3"}],"replies":[{"embeddable":true,"href":"http:\/\/www.kitagatower.de\/index.php?rest_route=%2Fwp%2Fv2%2Fcomments&post=6"}],"version-history":[{"count":41,"href":"http:\/\/www.kitagatower.de\/index.php?rest_route=\/wp\/v2\/pages\/6\/revisions"}],"predecessor-version":[{"id":830,"href":"http:\/\/www.kitagatower.de\/index.php?rest_route=\/wp\/v2\/pages\/6\/revisions\/830"}],"wp:attachment":[{"href":"http:\/\/www.kitagatower.de\/index.php?rest_route=%2Fwp%2Fv2%2Fmedia&parent=6"}],"curies":[{"name":"wp","href":"https:\/\/api.w.org\/{rel}","templated":true}]}}