{"id":52,"date":"2013-10-04T11:49:32","date_gmt":"2013-10-04T09:49:32","guid":{"rendered":"http:\/\/biberburg.mariogiessler.de\/?page_id=52"},"modified":"2020-09-01T15:12:54","modified_gmt":"2020-09-01T14:12:54","slug":"unser-haus","status":"publish","type":"page","link":"http:\/\/www.kitagatower.de\/?page_id=52","title":{"rendered":"R\u00e4umlichkeiten"},"content":{"rendered":"<p><span style=\"color: #993366; font-size: large;\"><strong><img loading=\"lazy\" decoding=\"async\" class=\"aligncenter wp-image-61 size-large\" src=\"http:\/\/www.kitagatower.de\/wp-content\/uploads\/2013\/08\/IMG_8301-e1380885319540-1024x720.jpg\" alt=\"\" width=\"695\" height=\"489\" \/>Unser Haus<\/strong><\/span><\/p>\n<p>Die Kita ist im ehemaligen Landhaus Clara Lemm beheimatet. Das Landhaus wurde 1931 von dem Architekten Walter Ahnert f\u00fcr die Witwe von Otto Lemm, Berliner Fabrikant und Erbauer der Villa Lemm am Rothenb\u00fccherweg, erbaut. Heute ist es ein Baudenkmal und eines der wenigen Landh\u00e4user in Gatow. Durch umfangreiche Sanierungsarbeiten sind Sanit\u00e4r- und Elektroanlagen auf dem neuesten Stand.<\/p>\n<p>Die R\u00e4ume im Unter- und Erdgeschoss haben Zugang zum Au\u00dfengel\u00e4nde, im Obergeschoss befindet sich ein gro\u00dfer Balkon.<\/p>\n<p>Die Villa wurde 2014 um einen Neubau (bestehend aus Unter- und Erdgeschoss), auf dem vorderen Kitagel\u00e4nde, erweitert und die Kita bietet nun insgesamt Platz f\u00fcr 205 Kinder von ein bis sechs Jahren.<br \/>\nBeide H\u00e4user sind durch einen \u00dcbergang, der weitere Bewegungs-, Spiel- und R\u00fcckzugsm\u00f6glichkeiten f\u00fcr die Kinder bietet, miteinander verbunden, sodass die Kinder &#8222;trockenen Fu\u00dfes&#8220; die gesamte Innenfl\u00e4che nutzen k\u00f6nnen.<\/p>\n<p>&nbsp;<\/p>\n<p><strong><span style=\"color: #993366; font-size: large;\">Funktionsr\u00e4ume<\/span><\/strong><\/p>\n<p>In beiden H\u00e4usern stehen den Kindern insgesamt\u00a026 Funktionsr\u00e4ume zur Verf\u00fcgung. Der \u00dcbergang zwischen beiden H\u00e4usern findet auch seine Nutzung als Bobbycar-Rennstrecke<\/p>\n<p>&nbsp;<\/p>\n<p>Im Neubau (\u00fcber 2 Etagen verteilt) befinden sich:<\/p>\n<ul>\n<li>Empfang<\/li>\n<li>B\u00fcro<\/li>\n<li>Kreativwerk<\/li>\n<li>Elternbereich und Elterninformationen<\/li>\n<li>Theater- und Musikraum<\/li>\n<li>H\u00f6hlen- und Schlafraum<\/li>\n<li>Turnraum und Bewegungsbaustelle<\/li>\n<li>Bauraum<\/li>\n<li>Kinderrestaurant<\/li>\n<li>Kinderk\u00fcche und Spieleraum (Brett- und Gesellschaftsspiele)<\/li>\n<li>Garderoben sowie Sanit\u00e4tsr\u00e4ume<\/li>\n<li>Teamraum<\/li>\n<\/ul>\n<p><a href=\"http:\/\/www.kitagatower.de\/wp-content\/uploads\/2020\/08\/NB_Sport.jpg\"><img loading=\"lazy\" decoding=\"async\" class=\"alignnone size-medium wp-image-774\" src=\"http:\/\/www.kitagatower.de\/wp-content\/uploads\/2020\/08\/NB_Sport-300x200.jpg\" alt=\"\" width=\"300\" height=\"200\" srcset=\"http:\/\/www.kitagatower.de\/wp-content\/uploads\/2020\/08\/NB_Sport-300x200.jpg 300w, http:\/\/www.kitagatower.de\/wp-content\/uploads\/2020\/08\/NB_Sport.jpg 640w\" sizes=\"auto, (max-width: 300px) 100vw, 300px\" \/><\/a> <a href=\"http:\/\/www.kitagatower.de\/wp-content\/uploads\/2020\/08\/NB_Musik1.jpg\"><img loading=\"lazy\" decoding=\"async\" class=\"alignnone size-medium wp-image-772\" src=\"http:\/\/www.kitagatower.de\/wp-content\/uploads\/2020\/08\/NB_Musik1-300x200.jpg\" alt=\"\" width=\"300\" height=\"200\" srcset=\"http:\/\/www.kitagatower.de\/wp-content\/uploads\/2020\/08\/NB_Musik1-300x200.jpg 300w, http:\/\/www.kitagatower.de\/wp-content\/uploads\/2020\/08\/NB_Musik1.jpg 640w\" sizes=\"auto, (max-width: 300px) 100vw, 300px\" \/><\/a> <a href=\"http:\/\/www.kitagatower.de\/wp-content\/uploads\/2020\/08\/NB_Musik2.jpg\"><img loading=\"lazy\" decoding=\"async\" class=\"alignnone size-medium wp-image-773\" src=\"http:\/\/www.kitagatower.de\/wp-content\/uploads\/2020\/08\/NB_Musik2-300x200.jpg\" alt=\"\" width=\"300\" height=\"200\" srcset=\"http:\/\/www.kitagatower.de\/wp-content\/uploads\/2020\/08\/NB_Musik2-300x200.jpg 300w, http:\/\/www.kitagatower.de\/wp-content\/uploads\/2020\/08\/NB_Musik2.jpg 640w\" sizes=\"auto, (max-width: 300px) 100vw, 300px\" \/><\/a> <a href=\"http:\/\/www.kitagatower.de\/wp-content\/uploads\/2020\/08\/NB_Aquariumzimmer.jpg\"><img loading=\"lazy\" decoding=\"async\" class=\"alignnone size-medium wp-image-769\" src=\"http:\/\/www.kitagatower.de\/wp-content\/uploads\/2020\/08\/NB_Aquariumzimmer-300x200.jpg\" alt=\"\" width=\"300\" height=\"200\" srcset=\"http:\/\/www.kitagatower.de\/wp-content\/uploads\/2020\/08\/NB_Aquariumzimmer-300x200.jpg 300w, http:\/\/www.kitagatower.de\/wp-content\/uploads\/2020\/08\/NB_Aquariumzimmer.jpg 640w\" sizes=\"auto, (max-width: 300px) 100vw, 300px\" \/><\/a> <a href=\"http:\/\/www.kitagatower.de\/wp-content\/uploads\/2020\/08\/NB_Bad.jpg\"><img loading=\"lazy\" decoding=\"async\" class=\"alignnone size-medium wp-image-770\" src=\"http:\/\/www.kitagatower.de\/wp-content\/uploads\/2020\/08\/NB_Bad-300x200.jpg\" alt=\"\" width=\"300\" height=\"200\" srcset=\"http:\/\/www.kitagatower.de\/wp-content\/uploads\/2020\/08\/NB_Bad-300x200.jpg 300w, http:\/\/www.kitagatower.de\/wp-content\/uploads\/2020\/08\/NB_Bad.jpg 640w\" sizes=\"auto, (max-width: 300px) 100vw, 300px\" \/><\/a><a href=\"http:\/\/www.kitagatower.de\/wp-content\/uploads\/2020\/08\/NB_Dschungelzimmer.jpg\"> <img loading=\"lazy\" decoding=\"async\" class=\"alignnone size-medium wp-image-771\" src=\"http:\/\/www.kitagatower.de\/wp-content\/uploads\/2020\/08\/NB_Dschungelzimmer-225x300.jpg\" alt=\"\" width=\"225\" height=\"300\" srcset=\"http:\/\/www.kitagatower.de\/wp-content\/uploads\/2020\/08\/NB_Dschungelzimmer-225x300.jpg 225w, http:\/\/www.kitagatower.de\/wp-content\/uploads\/2020\/08\/NB_Dschungelzimmer.jpg 480w\" sizes=\"auto, (max-width: 225px) 100vw, 225px\" \/><\/a><\/p>\n<p>&nbsp;<\/p>\n<p>Im \u00dcbergang befinden sich:<\/p>\n<ul>\n<li>Kletter- und Hangelwand<\/li>\n<li>Gro\u00dfe Fensternischen mit Blick zur G\u00e4rtnerei<\/li>\n<li>Schaumgummikissen zum Sitzen, Klettern, Bauen und Spielen<\/li>\n<li>Platz zur Rennen<\/li>\n<li>Bobbycar-Rennstrecke<\/li>\n<li>Garderoben<\/li>\n<\/ul>\n<p><a href=\"http:\/\/www.kitagatower.de\/wp-content\/uploads\/2020\/08\/Uebergang.jpg\"><img loading=\"lazy\" decoding=\"async\" class=\"alignnone size-medium wp-image-776\" src=\"http:\/\/www.kitagatower.de\/wp-content\/uploads\/2020\/08\/Uebergang-300x200.jpg\" alt=\"\" width=\"300\" height=\"200\" srcset=\"http:\/\/www.kitagatower.de\/wp-content\/uploads\/2020\/08\/Uebergang-300x200.jpg 300w, http:\/\/www.kitagatower.de\/wp-content\/uploads\/2020\/08\/Uebergang.jpg 640w\" sizes=\"auto, (max-width: 300px) 100vw, 300px\" \/><\/a><\/p>\n<p>&nbsp;<\/p>\n<p>In der Villa (auf vier Etagen verteilt) befinden sich:<\/p>\n<ul>\n<li>Werkraum<\/li>\n<li>Wasserwerkstatt<\/li>\n<li>Snoezle Raum<\/li>\n<li>Sensorik Raum<\/li>\n<li>B\u00fccherei<\/li>\n<li>Lernwerkstatt<\/li>\n<li>M\u00e4rchenstundenraum<\/li>\n<li>Bauraum<\/li>\n<li>Puppenraum und Wohnzimmer<\/li>\n<li>Sprachf\u00f6rderraum<\/li>\n<li>B\u00e4llebad<\/li>\n<li>Minibasis<\/li>\n<li>Besprechungszimmer<\/li>\n<li>Sanit\u00e4tsr\u00e4ume<\/li>\n<\/ul>\n<p><a href=\"http:\/\/www.kitagatower.de\/wp-content\/uploads\/2020\/08\/AB_Wohnzimmer.jpg\"><img loading=\"lazy\" decoding=\"async\" class=\"alignnone size-medium wp-image-764\" src=\"http:\/\/www.kitagatower.de\/wp-content\/uploads\/2020\/08\/AB_Wohnzimmer-300x200.jpg\" alt=\"\" width=\"300\" height=\"200\" srcset=\"http:\/\/www.kitagatower.de\/wp-content\/uploads\/2020\/08\/AB_Wohnzimmer-300x200.jpg 300w, http:\/\/www.kitagatower.de\/wp-content\/uploads\/2020\/08\/AB_Wohnzimmer.jpg 640w\" sizes=\"auto, (max-width: 300px) 100vw, 300px\" \/><\/a> <a href=\"http:\/\/www.kitagatower.de\/wp-content\/uploads\/2020\/08\/AB_Werkraum.jpg\"><img loading=\"lazy\" decoding=\"async\" class=\"alignnone size-medium wp-image-763\" src=\"http:\/\/www.kitagatower.de\/wp-content\/uploads\/2020\/08\/AB_Werkraum-300x200.jpg\" alt=\"\" width=\"300\" height=\"200\" srcset=\"http:\/\/www.kitagatower.de\/wp-content\/uploads\/2020\/08\/AB_Werkraum-300x200.jpg 300w, http:\/\/www.kitagatower.de\/wp-content\/uploads\/2020\/08\/AB_Werkraum.jpg 640w\" sizes=\"auto, (max-width: 300px) 100vw, 300px\" \/><\/a> <a href=\"http:\/\/www.kitagatower.de\/wp-content\/uploads\/2020\/08\/AB_Sensorikraum.jpg\"><img loading=\"lazy\" decoding=\"async\" class=\"alignnone size-medium wp-image-762\" src=\"http:\/\/www.kitagatower.de\/wp-content\/uploads\/2020\/08\/AB_Sensorikraum-300x169.jpg\" alt=\"\" width=\"300\" height=\"169\" srcset=\"http:\/\/www.kitagatower.de\/wp-content\/uploads\/2020\/08\/AB_Sensorikraum-300x169.jpg 300w, http:\/\/www.kitagatower.de\/wp-content\/uploads\/2020\/08\/AB_Sensorikraum.jpg 640w\" sizes=\"auto, (max-width: 300px) 100vw, 300px\" \/><\/a> <a href=\"http:\/\/www.kitagatower.de\/wp-content\/uploads\/2020\/08\/AB_Rollenspiel.jpg\"><img loading=\"lazy\" decoding=\"async\" class=\"alignnone size-medium wp-image-761\" src=\"http:\/\/www.kitagatower.de\/wp-content\/uploads\/2020\/08\/AB_Rollenspiel-300x200.jpg\" alt=\"\" width=\"300\" height=\"200\" srcset=\"http:\/\/www.kitagatower.de\/wp-content\/uploads\/2020\/08\/AB_Rollenspiel-300x200.jpg 300w, http:\/\/www.kitagatower.de\/wp-content\/uploads\/2020\/08\/AB_Rollenspiel.jpg 640w\" sizes=\"auto, (max-width: 300px) 100vw, 300px\" \/><\/a> <a href=\"http:\/\/www.kitagatower.de\/wp-content\/uploads\/2020\/08\/AB_Minibasis2.jpg\"><img loading=\"lazy\" decoding=\"async\" class=\"alignnone size-medium wp-image-760\" src=\"http:\/\/www.kitagatower.de\/wp-content\/uploads\/2020\/08\/AB_Minibasis2-300x200.jpg\" alt=\"\" width=\"300\" height=\"200\" srcset=\"http:\/\/www.kitagatower.de\/wp-content\/uploads\/2020\/08\/AB_Minibasis2-300x200.jpg 300w, http:\/\/www.kitagatower.de\/wp-content\/uploads\/2020\/08\/AB_Minibasis2.jpg 640w\" sizes=\"auto, (max-width: 300px) 100vw, 300px\" \/><\/a> <a href=\"http:\/\/www.kitagatower.de\/wp-content\/uploads\/2020\/08\/AB_Minibasis1.jpg\"><img loading=\"lazy\" decoding=\"async\" class=\"alignnone size-medium wp-image-759\" src=\"http:\/\/www.kitagatower.de\/wp-content\/uploads\/2020\/08\/AB_Minibasis1-300x200.jpg\" alt=\"\" width=\"300\" height=\"200\" srcset=\"http:\/\/www.kitagatower.de\/wp-content\/uploads\/2020\/08\/AB_Minibasis1-300x200.jpg 300w, http:\/\/www.kitagatower.de\/wp-content\/uploads\/2020\/08\/AB_Minibasis1.jpg 640w\" sizes=\"auto, (max-width: 300px) 100vw, 300px\" \/><\/a> <a href=\"http:\/\/www.kitagatower.de\/wp-content\/uploads\/2020\/08\/AB_Maerchenzimmer.jpg\"><img loading=\"lazy\" decoding=\"async\" class=\"alignnone size-medium wp-image-758\" src=\"http:\/\/www.kitagatower.de\/wp-content\/uploads\/2020\/08\/AB_Maerchenzimmer-300x200.jpg\" alt=\"\" width=\"300\" height=\"200\" srcset=\"http:\/\/www.kitagatower.de\/wp-content\/uploads\/2020\/08\/AB_Maerchenzimmer-300x200.jpg 300w, http:\/\/www.kitagatower.de\/wp-content\/uploads\/2020\/08\/AB_Maerchenzimmer.jpg 640w\" sizes=\"auto, (max-width: 300px) 100vw, 300px\" \/><\/a> <a href=\"http:\/\/www.kitagatower.de\/wp-content\/uploads\/2020\/08\/AB_Lesezimmer.jpg\"><img loading=\"lazy\" decoding=\"async\" class=\"alignnone size-medium wp-image-757\" src=\"http:\/\/www.kitagatower.de\/wp-content\/uploads\/2020\/08\/AB_Lesezimmer-300x200.jpg\" alt=\"\" width=\"300\" height=\"200\" srcset=\"http:\/\/www.kitagatower.de\/wp-content\/uploads\/2020\/08\/AB_Lesezimmer-300x200.jpg 300w, http:\/\/www.kitagatower.de\/wp-content\/uploads\/2020\/08\/AB_Lesezimmer.jpg 640w\" sizes=\"auto, (max-width: 300px) 100vw, 300px\" \/><\/a> <a href=\"http:\/\/www.kitagatower.de\/wp-content\/uploads\/2020\/08\/AB_Bauzimmer.jpg\"><img loading=\"lazy\" decoding=\"async\" class=\"alignnone size-medium wp-image-756\" src=\"http:\/\/www.kitagatower.de\/wp-content\/uploads\/2020\/08\/AB_Bauzimmer-300x200.jpg\" alt=\"\" width=\"300\" height=\"200\" srcset=\"http:\/\/www.kitagatower.de\/wp-content\/uploads\/2020\/08\/AB_Bauzimmer-300x200.jpg 300w, http:\/\/www.kitagatower.de\/wp-content\/uploads\/2020\/08\/AB_Bauzimmer.jpg 640w\" sizes=\"auto, (max-width: 300px) 100vw, 300px\" \/><\/a> <a href=\"http:\/\/www.kitagatower.de\/wp-content\/uploads\/2020\/08\/AB_Baellebad.jpg\"><img loading=\"lazy\" decoding=\"async\" class=\"alignnone size-medium wp-image-755\" src=\"http:\/\/www.kitagatower.de\/wp-content\/uploads\/2020\/08\/AB_Baellebad-300x146.jpg\" alt=\"\" width=\"300\" height=\"146\" srcset=\"http:\/\/www.kitagatower.de\/wp-content\/uploads\/2020\/08\/AB_Baellebad-300x146.jpg 300w, http:\/\/www.kitagatower.de\/wp-content\/uploads\/2020\/08\/AB_Baellebad.jpg 640w\" sizes=\"auto, (max-width: 300px) 100vw, 300px\" \/><\/a><\/p>\n<p>Die Einrichtung ist der jeweiligen Funktion des Raumes\u00a0 angepasst und so gestaltet, dass eine der Funktion entsprechende\u00a0 Raumatmosph\u00e4re ausgestrahlt wird.<\/p>\n<p>&nbsp;<\/p>\n<p>&nbsp;<\/p>\n<p><span style=\"color: #993366; font-size: large;\"><strong>Au\u00dfenanlage<\/strong><\/span><\/p>\n<p>Das 8000 Quadratmeter gro\u00dfe Grundst\u00fcck enth\u00e4lt durch seinen Baum-, Hecken- und Pflanzenbestand viel Platz zu &#8222;ungest\u00f6rtem&#8220; Kinderspiel.<\/p>\n<p>Gro\u00dfz\u00fcgig angelegte Wege laden zum Roller-, Dreirad- und Fahrradfahren ein. Naturfreunde vergn\u00fcgen sich bei der Blumen- und Pflanzenpflege oder laufen mit Lupengl\u00e4sern durch den Garten und beobachten fasziniert die Natur. Ein Sinnes-\/Bafu\u00dfpfad, ein Klangobjekt und eine Murmelbahn sprechen die Kinder auf vielfache Weise an.<\/p>\n<p>Vielf\u00e4ltige Ideen zur Neugestaltung des Gel\u00e4ndes sind vorhanden und werden je nach finanzieller Machbarkeit nach und nach realisiert. Unter anderem ist eine\u00a0Bewegungsbaustelle ein weiteres Projekt f\u00fcr die Zukunft.<\/p>\n<p><a href=\"http:\/\/www.kitagatower.de\/wp-content\/uploads\/2020\/08\/NB.jpg\"><img loading=\"lazy\" decoding=\"async\" class=\"alignnone size-medium wp-image-768\" src=\"http:\/\/www.kitagatower.de\/wp-content\/uploads\/2020\/08\/NB-300x200.jpg\" alt=\"\" width=\"300\" height=\"200\" srcset=\"http:\/\/www.kitagatower.de\/wp-content\/uploads\/2020\/08\/NB-300x200.jpg 300w, http:\/\/www.kitagatower.de\/wp-content\/uploads\/2020\/08\/NB.jpg 640w\" sizes=\"auto, (max-width: 300px) 100vw, 300px\" \/><\/a> <a href=\"http:\/\/www.kitagatower.de\/wp-content\/uploads\/2020\/08\/Garten2.jpg\"><img loading=\"lazy\" decoding=\"async\" class=\"alignnone size-medium wp-image-767\" src=\"http:\/\/www.kitagatower.de\/wp-content\/uploads\/2020\/08\/Garten2-300x200.jpg\" alt=\"\" width=\"300\" height=\"200\" srcset=\"http:\/\/www.kitagatower.de\/wp-content\/uploads\/2020\/08\/Garten2-300x200.jpg 300w, http:\/\/www.kitagatower.de\/wp-content\/uploads\/2020\/08\/Garten2.jpg 640w\" sizes=\"auto, (max-width: 300px) 100vw, 300px\" \/><\/a> <a href=\"http:\/\/www.kitagatower.de\/wp-content\/uploads\/2020\/08\/Garten1.jpg\"><img loading=\"lazy\" decoding=\"async\" class=\"alignnone size-medium wp-image-766\" src=\"http:\/\/www.kitagatower.de\/wp-content\/uploads\/2020\/08\/Garten1-300x200.jpg\" alt=\"\" width=\"300\" height=\"200\" srcset=\"http:\/\/www.kitagatower.de\/wp-content\/uploads\/2020\/08\/Garten1-300x200.jpg 300w, http:\/\/www.kitagatower.de\/wp-content\/uploads\/2020\/08\/Garten1.jpg 640w\" sizes=\"auto, (max-width: 300px) 100vw, 300px\" \/><\/a><\/p>\n<p>&nbsp;<\/p>\n<p>In unmittelbarer N\u00e4he der Kita befinden sich die Rieselfelder, Waldst\u00fccke und ein\u00a0Zugang zur Havel.<\/p>\n","protected":false},"excerpt":{"rendered":"<p>Unser Haus Die Kita ist im ehemaligen Landhaus Clara Lemm beheimatet. Das Landhaus wurde 1931 von dem Architekten Walter Ahnert f\u00fcr die Witwe von Otto Lemm, Berliner Fabrikant und Erbauer der Villa Lemm am Rothenb\u00fccherweg, erbaut. Heute ist es ein Baudenkmal und eines der wenigen Landh\u00e4user in Gatow. Durch umfangreiche Sanierungsarbeiten sind Sanit\u00e4r- und Elektroanlagen <a href='http:\/\/www.kitagatower.de\/?page_id=52' class='excerpt-more'>[&#8230;]<\/a><\/p>\n","protected":false},"author":3,"featured_media":0,"parent":14,"menu_order":0,"comment_status":"closed","ping_status":"closed","template":"","meta":{"footnotes":""},"class_list":["post-52","page","type-page","status-publish","hentry","post-seq-1","post-parity-odd","meta-position-corners","fix"],"jetpack_shortlink":"https:\/\/wp.me\/P4ES8j-Q","jetpack_sharing_enabled":true,"_links":{"self":[{"href":"http:\/\/www.kitagatower.de\/index.php?rest_route=\/wp\/v2\/pages\/52","targetHints":{"allow":["GET"]}}],"collection":[{"href":"http:\/\/www.kitagatower.de\/index.php?rest_route=\/wp\/v2\/pages"}],"about":[{"href":"http:\/\/www.kitagatower.de\/index.php?rest_route=\/wp\/v2\/types\/page"}],"author":[{"embeddable":true,"href":"http:\/\/www.kitagatower.de\/index.php?rest_route=\/wp\/v2\/users\/3"}],"replies":[{"embeddable":true,"href":"http:\/\/www.kitagatower.de\/index.php?rest_route=%2Fwp%2Fv2%2Fcomments&post=52"}],"version-history":[{"count":25,"href":"http:\/\/www.kitagatower.de\/index.php?rest_route=\/wp\/v2\/pages\/52\/revisions"}],"predecessor-version":[{"id":821,"href":"http:\/\/www.kitagatower.de\/index.php?rest_route=\/wp\/v2\/pages\/52\/revisions\/821"}],"up":[{"embeddable":true,"href":"http:\/\/www.kitagatower.de\/index.php?rest_route=\/wp\/v2\/pages\/14"}],"wp:attachment":[{"href":"http:\/\/www.kitagatower.de\/index.php?rest_route=%2Fwp%2Fv2%2Fmedia&parent=52"}],"curies":[{"name":"wp","href":"https:\/\/api.w.org\/{rel}","templated":true}]}}