{"id":491,"date":"2014-10-02T21:59:15","date_gmt":"2014-10-02T19:59:15","guid":{"rendered":"http:\/\/www.kitagatower.de\/?page_id=491"},"modified":"2020-08-31T08:22:25","modified_gmt":"2020-08-31T07:22:25","slug":"basaranmeldung","status":"publish","type":"page","link":"http:\/\/www.kitagatower.de\/?page_id=491","title":{"rendered":"Basar"},"content":{"rendered":"<p>Am 6.10.18 fand bei sch\u00f6nstem Wetter unser letzter Kinderbekleidungs- und Spielzeug-Basar statt. Die Erl\u00f6se vom Kuchenverkauf und vom Verkauf der gespendeten Sachen werden f\u00fcr zuk\u00fcnftige Anschaffungen verwendet.<\/p>\n<p>&nbsp;<\/p>\n<p>Aktuelle Termine werden hier bekannt gegeben.<br \/>\n<span style=\"color: #993366; font-size: large;\"><strong>* Aufgrund von Corona finden derzeit keine Basare statt *<\/strong><\/span><br \/>\n&nbsp;<\/p>\n<p>Anmeldung werden zeitnah \u00fcber die Kita-Leitung angenommen.<\/p>\n<p>Der Tisch kostet 5\u20ac, Tische m\u00fcssen selbst mitgebracht werden.<\/p>\n<p>&nbsp;<\/p>\n<p>&nbsp;<\/p>\n","protected":false},"excerpt":{"rendered":"<p>Am 6.10.18 fand bei sch\u00f6nstem Wetter unser letzter Kinderbekleidungs- und Spielzeug-Basar statt. Die Erl\u00f6se vom Kuchenverkauf und vom Verkauf der gespendeten Sachen werden f\u00fcr zuk\u00fcnftige Anschaffungen verwendet. &nbsp; Aktuelle Termine werden hier bekannt gegeben. * Aufgrund von Corona finden derzeit keine Basare statt * &nbsp; Anmeldung werden zeitnah \u00fcber die Kita-Leitung angenommen. Der Tisch kostet <a href='http:\/\/www.kitagatower.de\/?page_id=491' class='excerpt-more'>[&#8230;]<\/a><\/p>\n","protected":false},"author":3,"featured_media":0,"parent":248,"menu_order":0,"comment_status":"closed","ping_status":"closed","template":"","meta":{"footnotes":""},"class_list":["post-491","page","type-page","status-publish","hentry","post-seq-1","post-parity-odd","meta-position-corners","fix"],"jetpack_shortlink":"https:\/\/wp.me\/P4ES8j-7V","jetpack_sharing_enabled":true,"_links":{"self":[{"href":"http:\/\/www.kitagatower.de\/index.php?rest_route=\/wp\/v2\/pages\/491","targetHints":{"allow":["GET"]}}],"collection":[{"href":"http:\/\/www.kitagatower.de\/index.php?rest_route=\/wp\/v2\/pages"}],"about":[{"href":"http:\/\/www.kitagatower.de\/index.php?rest_route=\/wp\/v2\/types\/page"}],"author":[{"embeddable":true,"href":"http:\/\/www.kitagatower.de\/index.php?rest_route=\/wp\/v2\/users\/3"}],"replies":[{"embeddable":true,"href":"http:\/\/www.kitagatower.de\/index.php?rest_route=%2Fwp%2Fv2%2Fcomments&post=491"}],"version-history":[{"count":17,"href":"http:\/\/www.kitagatower.de\/index.php?rest_route=\/wp\/v2\/pages\/491\/revisions"}],"predecessor-version":[{"id":809,"href":"http:\/\/www.kitagatower.de\/index.php?rest_route=\/wp\/v2\/pages\/491\/revisions\/809"}],"up":[{"embeddable":true,"href":"http:\/\/www.kitagatower.de\/index.php?rest_route=\/wp\/v2\/pages\/248"}],"wp:attachment":[{"href":"http:\/\/www.kitagatower.de\/index.php?rest_route=%2Fwp%2Fv2%2Fmedia&parent=491"}],"curies":[{"name":"wp","href":"https:\/\/api.w.org\/{rel}","templated":true}]}}