{"id":257,"date":"2014-05-19T19:21:09","date_gmt":"2014-05-19T17:21:09","guid":{"rendered":"http:\/\/www.kitagatower.de\/?page_id=257"},"modified":"2018-12-05T22:03:01","modified_gmt":"2018-12-05T21:03:01","slug":"sponsoren","status":"publish","type":"page","link":"http:\/\/www.kitagatower.de\/?page_id=257","title":{"rendered":"Sponsoren"},"content":{"rendered":"<h2><span style=\"color: #800000;\">Wir danken unseren Unterst\u00fctzern:<\/span><\/h2>\n<table>\n<tbody>\n<tr>\n<td align=\"center\" valign=\"middle\"><div class=\"slideshow\"><div id=\"ngg_slideshow32571\" class=\"ngg-slideshow owl-carousel\" style=\"max-width: 140px; max-height: 140px;\"><img decoding=\"async\" src=\"http:\/\/www.kitagatower.de\/wp-content\/gallery\/sponsoren\/wz-bau.png\" alt=\"wz-bau\" style=\"max-width: 140px; max-height: 140px; width: auto; height:auto; margin:auto\"><img decoding=\"async\" src=\"http:\/\/www.kitagatower.de\/wp-content\/gallery\/sponsoren\/mg-studio-250.png\" alt=\"Mario Gie\u00dfler-Studio\" style=\"max-width: 140px; max-height: 140px; width: auto; height:auto; margin:auto\"><img decoding=\"async\" src=\"http:\/\/www.kitagatower.de\/wp-content\/gallery\/sponsoren\/maler-berlin-malermeisterbetrieb-merk.jpg\" alt=\"maler-berlin-malermeisterbetrieb-merk\" style=\"max-width: 140px; max-height: 140px; width: auto; height:auto; margin:auto\"><\/div><\/div>\n\n<script type=\"text\/javascript\">jQuery(document).ready(function($) {\r\n\t\t\tvar owl = $('#ngg_slideshow32571');\r\n\t\t\towl.owlCarousel({\r\n\t\t\t\titems: 1,\r\n\t\t\t\tautoHeight: false,\r\n\t            dots: false,\r\n\t            autoplay: true,\r\n\t\t\t\tautoplayTimeout: 10000,\r\n\t\t\t\tautoplayHoverPause: true,\r\n\t\t\t\tanimateIn: 'bounce',\r\n\t\t\t\tanimateOut: 'fadeOut',\r\n\t\t\t\tloop: true,\r\n\t\t\t\tmouseDrag: true,\r\n\t\t\t\ttouchDrag: true\r\n\t\t\t});\nowl.click( function () {\r\n                    owl.trigger( 'next.owl.carousel' );\r\n                } );});\n<\/script><\/td>\n<\/tr>\n<\/tbody>\n<\/table>\n<table>\n<tbody>\n<tr>\n<td style=\"text-align: center;\" valign=\"top\" width=\"200\"><a href=\"http:\/\/www.wz-bau.de\/\" target=\"_blank\" rel=\"noopener\"><img loading=\"lazy\" decoding=\"async\" src=\"http:\/\/www.kitagatower.de\/wp-content\/gallery\/sponsoren\/wz-bau.png\" alt=\"WZ-Bau GmbH\" width=\"140\" height=\"107\" \/><\/a><br \/>\n<strong>WZ-Bau GmbH<\/strong><br \/>\nLibellenstra\u00dfe 15<br \/>\n14129 Berlin<br \/>\nTel.: 030 &#8211; 853 22 33<br \/>\nFax: 030 &#8211; 853 22 43<br \/>\nFunk: 01577 &#8211; 254 57 28<br \/>\nE-Mail: <a href=\"mailto:info@wz-bau.de\">info@wz-bau.de<\/a><br \/>\nWeb: <a href=\"http:\/\/www.wz-bau.de\" target=\"_blank\" rel=\"noopener\">www.wz-bau.de<\/a><\/td>\n<td valign=\"top\" width=\"200\">\n<ul>\n<li><span style=\"color: #800000;\"><strong>f\u00fcr die gro\u00dfz\u00fcgige Spende von Nepal-Papier <\/strong><\/span><\/li>\n<li><span style=\"color: #800000;\"><strong>f\u00fcr die nette Hilfe, auch nach Feierabend<br \/>\n<\/strong><\/span><\/li>\n<\/ul>\n<\/td>\n<td style=\"text-align: center;\" valign=\"top\" width=\"200\"><a href=\"http:\/\/www.maler-merk.de\/\" target=\"_blank\" rel=\"noopener\"><img decoding=\"async\" src=\"http:\/\/www.kitagatower.de\/wp-content\/gallery\/sponsoren\/maler-berlin-malermeisterbetrieb-merk.jpg\" alt=\"Malermeisterbetrieb M.E.R.K.\" \/><\/a><br \/>\n<strong>Malermeisterbetrieb M.E.R.K<\/strong><br \/>\nM. Knecht &amp; R. Ehrich GbR<br \/>\nPichelsdorfer Stra\u00dfe 41<br \/>\n13595 Berlin<br \/>\nTel.: (030) 336 33 45<br \/>\nFax: (030) 336 75 98<br \/>\nE-Mail: <a href=\"mailto:info@maler-merk.de\">info@maler-merk.de<\/a><br \/>\nWeb: <a title=\"Malermeisterbetrieb M.E.R.K.\" href=\"http:\/\/www.maler-merk.de\/\" target=\"_blank\" rel=\"noopener\">www.maler-merk.de<\/a><\/td>\n<td valign=\"top\" width=\"200\">\n<ul>\n<li><span style=\"color: #800000;\"><strong>F\u00fcr die gro\u00dfz\u00fcgige Spende von Fasadenfarbe zur Versch\u00f6nerung unserer Lichtsch\u00e4chte<\/strong><\/span><\/li>\n<\/ul>\n<\/td>\n<\/tr>\n<tr>\n<td style=\"text-align: center;\" valign=\"top\" width=\"&quot;200\"><strong>Blumen-Zabel G\u00e4rtnerei<\/strong><br \/>\nInh. Irmgard Zabel<br \/>\nGatower Stra\u00dfe 229<br \/>\n14089 Berlin Spandau Gatow<br \/>\nTel.: 030 361 98 82<\/td>\n<td valign=\"top\" width=\"200\">\n<ul>\n<li><span style=\"color: #800000;\"><strong>F\u00fcr die Benutzung eines Teiles ihres Grundst\u00fccks w\u00e4hrend der Bauphase<\/strong><\/span><\/li>\n<\/ul>\n<\/td>\n<td style=\"text-align: center;\" valign=\"top\" width=\"200\">&nbsp;<\/p>\n<p>&nbsp;<\/td>\n<td valign=\"top\" width=\"200\"><\/td>\n<\/tr>\n<\/tbody>\n<\/table>\n","protected":false},"excerpt":{"rendered":"<p>Wir danken unseren Unterst\u00fctzern: WZ-Bau GmbH Libellenstra\u00dfe 15 14129 Berlin Tel.: 030 &#8211; 853 22 33 Fax: 030 &#8211; 853 22 43 Funk: 01577 &#8211; 254 57 28 E-Mail: info@wz-bau.de Web: www.wz-bau.de f\u00fcr die gro\u00dfz\u00fcgige Spende von Nepal-Papier f\u00fcr die nette Hilfe, auch nach Feierabend Malermeisterbetrieb M.E.R.K M. Knecht &amp; R. Ehrich GbR Pichelsdorfer Stra\u00dfe <a href='http:\/\/www.kitagatower.de\/?page_id=257' class='excerpt-more'>[&#8230;]<\/a><\/p>\n","protected":false},"author":3,"featured_media":0,"parent":0,"menu_order":0,"comment_status":"closed","ping_status":"closed","template":"","meta":{"footnotes":""},"class_list":["post-257","page","type-page","status-publish","hentry","post-seq-1","post-parity-odd","meta-position-corners","fix"],"jetpack_shortlink":"https:\/\/wp.me\/P4ES8j-49","jetpack_sharing_enabled":true,"_links":{"self":[{"href":"http:\/\/www.kitagatower.de\/index.php?rest_route=\/wp\/v2\/pages\/257","targetHints":{"allow":["GET"]}}],"collection":[{"href":"http:\/\/www.kitagatower.de\/index.php?rest_route=\/wp\/v2\/pages"}],"about":[{"href":"http:\/\/www.kitagatower.de\/index.php?rest_route=\/wp\/v2\/types\/page"}],"author":[{"embeddable":true,"href":"http:\/\/www.kitagatower.de\/index.php?rest_route=\/wp\/v2\/users\/3"}],"replies":[{"embeddable":true,"href":"http:\/\/www.kitagatower.de\/index.php?rest_route=%2Fwp%2Fv2%2Fcomments&post=257"}],"version-history":[{"count":49,"href":"http:\/\/www.kitagatower.de\/index.php?rest_route=\/wp\/v2\/pages\/257\/revisions"}],"predecessor-version":[{"id":731,"href":"http:\/\/www.kitagatower.de\/index.php?rest_route=\/wp\/v2\/pages\/257\/revisions\/731"}],"wp:attachment":[{"href":"http:\/\/www.kitagatower.de\/index.php?rest_route=%2Fwp%2Fv2%2Fmedia&parent=257"}],"curies":[{"name":"wp","href":"https:\/\/api.w.org\/{rel}","templated":true}]}}