{"id":248,"date":"2014-05-11T17:51:59","date_gmt":"2014-05-11T15:51:59","guid":{"rendered":"http:\/\/www.kitagatower.de\/?page_id=248"},"modified":"2024-10-09T11:04:51","modified_gmt":"2024-10-09T10:04:51","slug":"frderverein-2","status":"publish","type":"page","link":"http:\/\/www.kitagatower.de\/?page_id=248","title":{"rendered":"F\u00f6rderverein"},"content":{"rendered":"<h3 style=\"text-align: center;\"><span style=\"color: #800000;\">Wer sind wir und was machen wir?<\/span><\/h3>\n<p>Seitdem die Kitas in Berlin in Eigenbetriebe \u00fcberf\u00fchrt wurden und das Land Berlin nicht mehr offiziell zust\u00e4ndig ist, hat sich die finanzielle Situation nicht gebessert. Die Finanzl\u00f6cher wurden bei der Ausgliederung weitergegeben und darunter leiden die Kitas und somit die Kinder. Gespart wird vor allem bei der Ausstattung. Was \u00fcber die Ersatzbeschaffung hinausgeht wird kaum finanziert. Selbst die Ersatzbeschaffung ist nicht garantiert: So wurden in der Kita z.B. mehrere Au\u00dfenspielger\u00e4te gesperrt und (teilweise) abgebaut, ohne das Neue aufgestellt werden. Antr\u00e4ge der Kita liegen lange beim Eigenbetrieb und werden nicht immer positiv bescheidet.<\/p>\n<p>Der gemeinn\u00fctzige Verein F\u00f6rderverein Kita Biberburg Spandau e.V.\u00a0 wurde 2004 von engagierten Eltern gegr\u00fcndet um den Alltag der Kinder und Erzieher in der Kita Biberburg durch finanzielle Unterst\u00fctzung bei einigen zus\u00e4tzlichen Neuanschaffungen oder bei Projekten zu verbessern. Der F\u00f6rderverein der Kita kann an den Stellen Hilfe unkonventionell organisieren, an denen von offizieller Seite die Wege zu lang und oft ergebnislos gestaltet sind.<\/p>\n<p><em>Die Finanziellen Mittel des F\u00f6rdervereins kommen einzig und allein der Kita Biberburg und somit unseren Kindern zu Gute. Es werden keine anderen Kitas damit unterst\u00fctzt und die Mitglieder des Vereins arbeiten alle ehrenamtlich.<\/em><\/p>\n<p>Der F\u00f6rderverein lebt von und mit seinen Mitgliedern. Auch wer wenig Zeit hat aktiv mitzuhelfen, ist willkommen.<br \/>\n<strong><em>Neue Ideen, Vorschl\u00e4ge<\/em><\/strong> oder <em><strong>hilfreiche Kontakte<\/strong><\/em> schlummern sicher bei dem ein oder anderen.<\/p>\n<p>&nbsp;<\/p>\n<p>&nbsp;<\/p>\n<h3 style=\"text-align: center;\"><span style=\"color: #800000;\">Die Aufgaben des F\u00f6rdervereins<br \/>\n<\/span><\/h3>\n<p><strong>Sammeln von Geld- und Sachspenden<\/strong><\/p>\n<p>M\u00f6glichkeiten uns, und damit die Kinder, zu unterst\u00fctzen finden sie weiter unten, gr\u00f6\u00dfere Sponsoren k\u00f6nnen hier auf der Homepage verlinkt, sowie im Schaukasten am Kitaeingang genannt werden.<\/p>\n<p>&nbsp;<\/p>\n<p><strong>Unterst\u00fctzung beim Planen, Vorbereiten und Durchf\u00fchren von Veranstaltungen<\/strong><\/p>\n<p>Der F\u00f6rderverein ist u.a. auf dem Sommerfest, dem Sponsorenlauf, der Weihnachtsfeier und bei Basaren vertreten um durch Tombolas, Kuchenverkauf u.\u00e4. Geld einzunehmen.<\/p>\n<p>&nbsp;<\/p>\n<p><strong>Unterhalt und Pflege dieser Homepage<\/strong><\/p>\n<p>Hier wird \u00fcber den F\u00f6rderverein und seine Projekte berichtet und Interessenten \u00fcber die Kita informiert um u.a. vakante Pl\u00e4tze bei den Kindern oder den Erziehern zu besetzen.<\/p>\n<p>&nbsp;<\/p>\n<p>&nbsp;<\/p>\n<p>&nbsp;<\/p>\n<h3 style=\"text-align: center;\"><span style=\"color: #800000;\">So k\u00f6nnen Sie uns unterst\u00fctzen<\/span><\/h3>\n<h2><\/h2>\n<h2>Helfen Sie<\/h2>\n<p>Unterst\u00fctzen Sie uns mit einer Geld- oder Sachspende. Die Ausstellung einer Spendenquittung ist selbstverst\u00e4ndlich m\u00f6glich, da der Verein als gemeinn\u00fctzig anerkannt und eingetragen ist.<\/p>\n<p>F\u00fcr die Veranstaltungen k\u00f6nnen wir auch noch die eine oder andere helfende Hand gut gebrauchen.<\/p>\n<p>Online Einkaufen \u00fcber den Link von <a href=\"https:\/\/www.gooding.de\/foerderverein-kita-biberburg-berlin-spandau-e-v-116493\">Gooding (ehem Schulengel)<\/a> und gleichzeitig unkompliziert etwas Geld f\u00fcr die Kita spenden<\/p>\n<p>&nbsp;<\/p>\n<p>&nbsp;<\/p>\n<h2>Werden Sie Mitglied<\/h2>\n<p>Beitrag 12,- \u20ac pro Kitajahr\/pro Familie<br \/>\nMitgliedschaft endet automatisch bei Verlassen des Kindes aus der Kita, au\u00dfer es wird ausdr\u00fccklich eine weitergehende freiwillige F\u00f6rderung gew\u00fcnscht, dann endet die Mitgliedschaft zu einem vom Mitglied bestimmten Zeitpunkt<\/p>\n<p>Aufnahmeantrag<\/p>\n<div role=\"form\" class=\"wpcf7\" id=\"wpcf7-f453-o1\" lang=\"de-DE\" dir=\"ltr\">\n<div class=\"screen-reader-response\"><\/div>\n<form action=\"\/index.php?rest_route=%2Fwp%2Fv2%2Fpages%2F248#wpcf7-f453-o1\" method=\"post\" class=\"wpcf7-form\" novalidate=\"novalidate\">\n<div style=\"display: none;\">\n<input type=\"hidden\" name=\"_wpcf7\" value=\"453\" \/>\n<input type=\"hidden\" name=\"_wpcf7_version\" value=\"5.1.4\" \/>\n<input type=\"hidden\" name=\"_wpcf7_locale\" value=\"de_DE\" \/>\n<input type=\"hidden\" name=\"_wpcf7_unit_tag\" value=\"wpcf7-f453-o1\" \/>\n<input type=\"hidden\" name=\"_wpcf7_container_post\" value=\"0\" \/>\n<\/div>\n<p>Hiermit beantrage ich die Aufnahme in den F\u00f6rderverein der Kita Biberburg e.V.<\/p>\n<table>\n<tr>\n<td>Familienname:<\/td>\n<td><span class=\"wpcf7-form-control-wrap FName\"><input type=\"text\" name=\"FName\" value=\"\" size=\"40\" class=\"wpcf7-form-control wpcf7-text wpcf7-validates-as-required\" aria-required=\"true\" aria-invalid=\"false\" \/><\/span> *<\/td>\n<\/tr>\n<tr>\n<td>Vorname:<\/td>\n<td><span class=\"wpcf7-form-control-wrap VName\"><input type=\"text\" name=\"VName\" value=\"\" size=\"40\" class=\"wpcf7-form-control wpcf7-text wpcf7-validates-as-required\" aria-required=\"true\" aria-invalid=\"false\" \/><\/span> *<\/td>\n<\/tr>\n<tr>\n<td>Vorname des Kindes:<\/td>\n<td><span class=\"wpcf7-form-control-wrap VKName\"><input type=\"text\" name=\"VKName\" value=\"\" size=\"40\" class=\"wpcf7-form-control wpcf7-text\" aria-invalid=\"false\" \/><\/span><\/td>\n<\/tr>\n<tr>\n<td>Stra\u00dfe \/ Hausnr.:<\/td>\n<td><span class=\"wpcf7-form-control-wrap Strasse\"><input type=\"text\" name=\"Strasse\" value=\"\" size=\"40\" class=\"wpcf7-form-control wpcf7-text wpcf7-validates-as-required\" aria-required=\"true\" aria-invalid=\"false\" \/><\/span> *<\/td>\n<\/tr>\n<tr>\n<td>PLZ \/ Ort:<\/td>\n<td><span class=\"wpcf7-form-control-wrap PLZ\"><input type=\"text\" name=\"PLZ\" value=\"\" size=\"5\" maxlength=\"5\" class=\"wpcf7-form-control wpcf7-text wpcf7-validates-as-required\" aria-required=\"true\" aria-invalid=\"false\" \/><\/span> <span class=\"wpcf7-form-control-wrap Ort\"><input type=\"text\" name=\"Ort\" value=\"\" size=\"40\" class=\"wpcf7-form-control wpcf7-text wpcf7-validates-as-required\" aria-required=\"true\" aria-invalid=\"false\" \/><\/span> *<\/td>\n<\/tr>\n<tr>\n<td>@mail:<\/td>\n<td><span class=\"wpcf7-form-control-wrap mail\"><input type=\"email\" name=\"mail\" value=\"\" size=\"40\" class=\"wpcf7-form-control wpcf7-text wpcf7-email wpcf7-validates-as-required wpcf7-validates-as-email\" aria-required=\"true\" aria-invalid=\"false\" \/><\/span> *<\/td>\n<\/tr>\n<tr>\n<td>\nBitte geben Sie den folgenden Code in das Eingabefeld ein:<\/td>\n<td>\n<input type=\"hidden\" name=\"_wpcf7_captcha_challenge_captcha\" value=\"3437443482\" \/><img loading=\"lazy\" decoding=\"async\" class=\"wpcf7-form-control wpcf7-captchac wpcf7-captcha-captcha\" width=\"72\" height=\"24\" alt=\"captcha\" src=\"http:\/\/www.kitagatower.de\/wp-content\/uploads\/wpcf7_captcha\/3437443482.png\" \/> <span class=\"wpcf7-form-control-wrap captcha\"><input type=\"text\" name=\"captcha\" value=\"\" size=\"40\" class=\"wpcf7-form-control wpcf7-captchar\" autocomplete=\"off\" aria-invalid=\"false\" \/><\/span> *\n<\/td>\n<\/tr>\n<\/table>\n<p><span class=\"wpcf7-form-control-wrap Satzung\"><span class=\"wpcf7-form-control wpcf7-acceptance\"><span class=\"wpcf7-list-item\"><input type=\"checkbox\" name=\"Satzung\" value=\"1\" aria-invalid=\"false\" \/><\/span><\/span><\/span> <b>Mit der <a href=\"http:\/\/www.kitagatower.de\/?page_id=455\" target=\"_blank\">Satzung<\/a> des Vereins erkl\u00e4re ich mich einverstanden.<\/b><\/p>\n<p><input type=\"submit\" value=\"Senden\" class=\"wpcf7-form-control wpcf7-submit\" \/><\/p>\n<p><small>die mit * gekennzeichneten Felder sind Pflichtfelder<\/small><\/p>\n<div class=\"wpcf7-response-output wpcf7-display-none\"><\/div><\/form><\/div>\n<p>&nbsp;<\/p>\n<p>Bitte \u00fcberweisen Sie den Mitgliedsbeitrag auf unser Konto:<\/p>\n<p>Bankverbindung:<\/p>\n<p>Empf\u00e4nger: F\u00f6rderverein Kita Biberburg Spandau e.V.<\/p>\n<p>Deutsche Bank<\/p>\n<p>IBAN: DE89 1007 0000 0092 0108 00<\/p>\n<p>Verwendungszweck: Names des Mitglieds\u00a0+ Beitragsjahr<\/p>\n<p>Vielen Dank an alle Mitglieder und Spender f\u00fcr ihre bisherige Unterst\u00fctzung!<\/p>\n<p>&nbsp;<\/p>\n<p>&nbsp;<\/p>\n<h3 style=\"text-align: center;\"><span style=\"color: #800000;\">Kontakt<\/span><\/h3>\n<p>Bei Fragen oder Anregungen wenden Sie sich bitte an:<br \/>\nChristoph Chmielorz, 1. Vorsitzende<br \/>\nHeike Pyoch, 2. Vorsitzende<br \/>\nFr. Ziesche &amp; Hr. H\u00e4hnel, Kassenwart<\/p>\n<p>Postalisch:<br \/>\nF\u00f6rderverein Kita Biberburg<br \/>\nBerlin-Spandau e.V.<br \/>\nc\/o Kita Biberburg<br \/>\nGatower Str. 231-233<br \/>\n14089 Berlin<\/p>\n<p>email: foerderverein.biberburg@gmail.com<\/p>\n<p>Vereinsregister: 23400Nz<\/p>\n","protected":false},"excerpt":{"rendered":"<p>Wer sind wir und was machen wir? Seitdem die Kitas in Berlin in Eigenbetriebe \u00fcberf\u00fchrt wurden und das Land Berlin nicht mehr offiziell zust\u00e4ndig ist, hat sich die finanzielle Situation nicht gebessert. Die Finanzl\u00f6cher wurden bei der Ausgliederung weitergegeben und darunter leiden die Kitas und somit die Kinder. Gespart wird vor allem bei der Ausstattung. <a href='http:\/\/www.kitagatower.de\/?page_id=248' class='excerpt-more'>[&#8230;]<\/a><\/p>\n","protected":false},"author":3,"featured_media":0,"parent":0,"menu_order":0,"comment_status":"closed","ping_status":"closed","template":"","meta":{"footnotes":""},"class_list":["post-248","page","type-page","status-publish","hentry","post-seq-1","post-parity-odd","meta-position-corners","fix"],"jetpack_shortlink":"https:\/\/wp.me\/P4ES8j-40","jetpack_sharing_enabled":true,"_links":{"self":[{"href":"http:\/\/www.kitagatower.de\/index.php?rest_route=\/wp\/v2\/pages\/248","targetHints":{"allow":["GET"]}}],"collection":[{"href":"http:\/\/www.kitagatower.de\/index.php?rest_route=\/wp\/v2\/pages"}],"about":[{"href":"http:\/\/www.kitagatower.de\/index.php?rest_route=\/wp\/v2\/types\/page"}],"author":[{"embeddable":true,"href":"http:\/\/www.kitagatower.de\/index.php?rest_route=\/wp\/v2\/users\/3"}],"replies":[{"embeddable":true,"href":"http:\/\/www.kitagatower.de\/index.php?rest_route=%2Fwp%2Fv2%2Fcomments&post=248"}],"version-history":[{"count":27,"href":"http:\/\/www.kitagatower.de\/index.php?rest_route=\/wp\/v2\/pages\/248\/revisions"}],"predecessor-version":[{"id":829,"href":"http:\/\/www.kitagatower.de\/index.php?rest_route=\/wp\/v2\/pages\/248\/revisions\/829"}],"wp:attachment":[{"href":"http:\/\/www.kitagatower.de\/index.php?rest_route=%2Fwp%2Fv2%2Fmedia&parent=248"}],"curies":[{"name":"wp","href":"https:\/\/api.w.org\/{rel}","templated":true}]}}