{"id":22,"date":"2013-08-28T19:19:40","date_gmt":"2013-08-28T17:19:40","guid":{"rendered":"http:\/\/biberburg.mariogiessler.de\/?page_id=22"},"modified":"2024-10-09T10:53:24","modified_gmt":"2024-10-09T09:53:24","slug":"praktikum","status":"publish","type":"page","link":"http:\/\/www.kitagatower.de\/?page_id=22","title":{"rendered":"Offene Stellen und Praktika"},"content":{"rendered":"<p><span style=\"color: #993366; font-size: large;\"><strong>Offene Stellen<\/strong><\/span><\/p>\n<p>Aktuelle Informationen zu offenen Stellen gibt es auf der Kita-Seite des Tr\u00e4gers:<br \/>\n<a href=\"http:\/\/www.kita-nordwest.de\/kitas\/kita-biberburg\" target=\"_blank\" rel=\"noopener\"><span style=\"font-size: medium;\">www.kita-nordwest.de\/kitas\/kita-biberburg<\/span><\/a><\/p>\n<p>Bewerbungen bitte direkt an den Tr\u00e4ger mit Hinweis dass sich auf die Kita Biberburg beworben wird.<\/p>\n<p>Weitergehende Informationen s.u.<\/p>\n<p>&nbsp;<\/p>\n<p><span style=\"color: #993366; font-size: large;\"><strong>Informationen zu einem Praktikum<\/strong><\/span><\/p>\n<p><span style=\"font-size: medium;\">Grunds\u00e4tzlich sind Praktikanten herzlich willkommen. Bewerber m\u00fcssen \u00fcber ein aktuelles F\u00fchrungszeugnis sowie \u00fcber einen Gesundheitspass verf\u00fcgen (Ausnahme: Sch\u00fclerpraktikanten). <\/span><\/p>\n<p><span style=\"font-size: medium;\">In der Kita k\u00f6nnen Pflichtpraktika, Sch\u00fclerpraktika und freiwillige Praktika geleistet werden. Wir bilden auch berufsbegleitend aus.<br \/>\n<\/span><\/p>\n<p><span style=\"font-size: medium;\">Bewerber melden sich bitte pers\u00f6nlich telefonisch bei der Kita-Leitung <strong>Fr. Zarbock oder Fr. Gie\u00dfler: 030-301 24 933<\/strong>, um weitergehende Informationen zu erhalten.<\/span><\/p>\n<p>&nbsp;<\/p>\n<p>&nbsp;<\/p>\n<p><span style=\"font-size: medium;\"><img loading=\"lazy\" decoding=\"async\" class=\"aligncenter size-full wp-image-223\" src=\"http:\/\/www.kitagatower.de\/wp-content\/uploads\/2013\/08\/kindergartenkinder.jpg\" alt=\"kindergartenkinder\" width=\"340\" height=\"337\" srcset=\"http:\/\/www.kitagatower.de\/wp-content\/uploads\/2013\/08\/kindergartenkinder.jpg 340w, http:\/\/www.kitagatower.de\/wp-content\/uploads\/2013\/08\/kindergartenkinder-150x150.jpg 150w, http:\/\/www.kitagatower.de\/wp-content\/uploads\/2013\/08\/kindergartenkinder-300x297.jpg 300w, http:\/\/www.kitagatower.de\/wp-content\/uploads\/2013\/08\/kindergartenkinder-96x96.jpg 96w, http:\/\/www.kitagatower.de\/wp-content\/uploads\/2013\/08\/kindergartenkinder-24x24.jpg 24w, http:\/\/www.kitagatower.de\/wp-content\/uploads\/2013\/08\/kindergartenkinder-36x36.jpg 36w, http:\/\/www.kitagatower.de\/wp-content\/uploads\/2013\/08\/kindergartenkinder-48x48.jpg 48w, http:\/\/www.kitagatower.de\/wp-content\/uploads\/2013\/08\/kindergartenkinder-64x64.jpg 64w\" sizes=\"auto, (max-width: 340px) 100vw, 340px\" \/><\/span><\/p>\n<p><span style=\"font-size: medium;\">\u00a0<\/span><\/p>\n","protected":false},"excerpt":{"rendered":"<p>Offene Stellen Aktuelle Informationen zu offenen Stellen gibt es auf der Kita-Seite des Tr\u00e4gers: www.kita-nordwest.de\/kitas\/kita-biberburg Bewerbungen bitte direkt an den Tr\u00e4ger mit Hinweis dass sich auf die Kita Biberburg beworben wird. Weitergehende Informationen s.u. &nbsp; Informationen zu einem Praktikum Grunds\u00e4tzlich sind Praktikanten herzlich willkommen. Bewerber m\u00fcssen \u00fcber ein aktuelles F\u00fchrungszeugnis sowie \u00fcber einen Gesundheitspass verf\u00fcgen <a href='http:\/\/www.kitagatower.de\/?page_id=22' class='excerpt-more'>[&#8230;]<\/a><\/p>\n","protected":false},"author":3,"featured_media":0,"parent":14,"menu_order":0,"comment_status":"closed","ping_status":"closed","template":"","meta":{"footnotes":""},"class_list":["post-22","page","type-page","status-publish","hentry","post-seq-1","post-parity-odd","meta-position-corners","fix"],"jetpack_shortlink":"https:\/\/wp.me\/P4ES8j-m","jetpack_sharing_enabled":true,"_links":{"self":[{"href":"http:\/\/www.kitagatower.de\/index.php?rest_route=\/wp\/v2\/pages\/22","targetHints":{"allow":["GET"]}}],"collection":[{"href":"http:\/\/www.kitagatower.de\/index.php?rest_route=\/wp\/v2\/pages"}],"about":[{"href":"http:\/\/www.kitagatower.de\/index.php?rest_route=\/wp\/v2\/types\/page"}],"author":[{"embeddable":true,"href":"http:\/\/www.kitagatower.de\/index.php?rest_route=\/wp\/v2\/users\/3"}],"replies":[{"embeddable":true,"href":"http:\/\/www.kitagatower.de\/index.php?rest_route=%2Fwp%2Fv2%2Fcomments&post=22"}],"version-history":[{"count":15,"href":"http:\/\/www.kitagatower.de\/index.php?rest_route=\/wp\/v2\/pages\/22\/revisions"}],"predecessor-version":[{"id":828,"href":"http:\/\/www.kitagatower.de\/index.php?rest_route=\/wp\/v2\/pages\/22\/revisions\/828"}],"up":[{"embeddable":true,"href":"http:\/\/www.kitagatower.de\/index.php?rest_route=\/wp\/v2\/pages\/14"}],"wp:attachment":[{"href":"http:\/\/www.kitagatower.de\/index.php?rest_route=%2Fwp%2Fv2%2Fmedia&parent=22"}],"curies":[{"name":"wp","href":"https:\/\/api.w.org\/{rel}","templated":true}]}}