{"id":18,"date":"2013-08-28T19:16:06","date_gmt":"2013-08-28T17:16:06","guid":{"rendered":"http:\/\/biberburg.mariogiessler.de\/?page_id=18"},"modified":"2024-10-09T10:40:42","modified_gmt":"2024-10-09T09:40:42","slug":"kita-trger","status":"publish","type":"page","link":"http:\/\/www.kitagatower.de\/?page_id=18","title":{"rendered":"Kita Tr&auml;ger"},"content":{"rendered":"<p>&nbsp;<\/p>\n<p><span style=\"font-size: large;\"><strong><span style=\"color: #993366;\">Eigenbetrieb Kindertagesst\u00e4tten Nordwest<\/span><\/strong><\/span><\/p>\n<p><span style=\"font-size: medium;\">Der am 1.1.2006 gegr\u00fcndete Eigenbetrieb tr\u00e4gt die Verantwortung f\u00fcr die rund 7.600 st\u00e4dtischen Kitapl\u00e4tze in den drei Bezirken Charlottenburg-Wilmersdorf, Reinickendorf und Spandau. Er ist einer von f\u00fcnf Kita-Eigenbetrieben im Land Berlin.<\/span><\/p>\n<p><span style=\"font-size: medium;\">Rund 1.400 Besch\u00e4ftigte k\u00fcmmern sich in 66 Einrichtungen um die Betreuung der Kinder bis zur Einschulung. Als Erster Gesch\u00e4ftsleiter ist Herr Herzsprung f\u00fcr den kaufm\u00e4nnischen Bereich zust\u00e4ndig, p\u00e4dagogischer Gesch\u00e4ftsleiter ist Frau Gralla-Hoffmann.<\/span><\/p>\n<p>&nbsp;<\/p>\n<p><strong><span style=\"font-size: medium;\">Kontaktdaten:<\/span><\/strong><\/p>\n<p><strong>Kindertagesst\u00e4tten Nordwest, Eigenbetrieb von Berlin<\/strong><img loading=\"lazy\" decoding=\"async\" class=\"alignright wp-image-218 \" src=\"http:\/\/www.kitagatower.de\/wp-content\/uploads\/2014\/05\/logo-eigenbetrieb.png\" alt=\"Eigenbetrieb Nordwest\" width=\"206\" height=\"200\" srcset=\"http:\/\/www.kitagatower.de\/wp-content\/uploads\/2014\/05\/logo-eigenbetrieb.png 172w, http:\/\/www.kitagatower.de\/wp-content\/uploads\/2014\/05\/logo-eigenbetrieb-24x24.png 24w, http:\/\/www.kitagatower.de\/wp-content\/uploads\/2014\/05\/logo-eigenbetrieb-36x36.png 36w, http:\/\/www.kitagatower.de\/wp-content\/uploads\/2014\/05\/logo-eigenbetrieb-48x48.png 48w\" sizes=\"auto, (max-width: 206px) 100vw, 206px\" \/><\/p>\n<p>Am Borsigturm 6<br \/>\n13507 Berlin<\/p>\n<p>Tel.: (030) 27 000 59 &#8211; 0<br \/>\nFax: (030) 27 000 59 &#8211; 90<\/p>\n<p>Email: <a href=\"mailto:mail@kita-nordwest.de\">mail@kita-nordwest.de<\/a><\/p>\n<p>Homepage: <a href=\"http:\/\/www.kita-nordwest.de\/\" target=\"_blank\" rel=\"noopener\"><span style=\"font-size: medium;\">www.kita-nordwest.de<\/span><\/a><\/p>\n<p>&nbsp;<\/p>\n","protected":false},"excerpt":{"rendered":"<p>&nbsp; Eigenbetrieb Kindertagesst\u00e4tten Nordwest Der am 1.1.2006 gegr\u00fcndete Eigenbetrieb tr\u00e4gt die Verantwortung f\u00fcr die rund 7.600 st\u00e4dtischen Kitapl\u00e4tze in den drei Bezirken Charlottenburg-Wilmersdorf, Reinickendorf und Spandau. Er ist einer von f\u00fcnf Kita-Eigenbetrieben im Land Berlin. Rund 1.400 Besch\u00e4ftigte k\u00fcmmern sich in 66 Einrichtungen um die Betreuung der Kinder bis zur Einschulung. Als Erster Gesch\u00e4ftsleiter ist <a href='http:\/\/www.kitagatower.de\/?page_id=18' class='excerpt-more'>[&#8230;]<\/a><\/p>\n","protected":false},"author":3,"featured_media":0,"parent":14,"menu_order":0,"comment_status":"closed","ping_status":"closed","template":"","meta":{"footnotes":""},"class_list":["post-18","page","type-page","status-publish","hentry","post-seq-1","post-parity-odd","meta-position-corners","fix"],"jetpack_shortlink":"https:\/\/wp.me\/P4ES8j-i","jetpack_sharing_enabled":true,"_links":{"self":[{"href":"http:\/\/www.kitagatower.de\/index.php?rest_route=\/wp\/v2\/pages\/18","targetHints":{"allow":["GET"]}}],"collection":[{"href":"http:\/\/www.kitagatower.de\/index.php?rest_route=\/wp\/v2\/pages"}],"about":[{"href":"http:\/\/www.kitagatower.de\/index.php?rest_route=\/wp\/v2\/types\/page"}],"author":[{"embeddable":true,"href":"http:\/\/www.kitagatower.de\/index.php?rest_route=\/wp\/v2\/users\/3"}],"replies":[{"embeddable":true,"href":"http:\/\/www.kitagatower.de\/index.php?rest_route=%2Fwp%2Fv2%2Fcomments&post=18"}],"version-history":[{"count":15,"href":"http:\/\/www.kitagatower.de\/index.php?rest_route=\/wp\/v2\/pages\/18\/revisions"}],"predecessor-version":[{"id":825,"href":"http:\/\/www.kitagatower.de\/index.php?rest_route=\/wp\/v2\/pages\/18\/revisions\/825"}],"up":[{"embeddable":true,"href":"http:\/\/www.kitagatower.de\/index.php?rest_route=\/wp\/v2\/pages\/14"}],"wp:attachment":[{"href":"http:\/\/www.kitagatower.de\/index.php?rest_route=%2Fwp%2Fv2%2Fmedia&parent=18"}],"curies":[{"name":"wp","href":"https:\/\/api.w.org\/{rel}","templated":true}]}}